{"id":643,"date":"2025-06-30T13:55:47","date_gmt":"2025-06-30T13:55:47","guid":{"rendered":"https:\/\/chiennesophia.com\/?page_id=643"},"modified":"2026-03-23T13:11:10","modified_gmt":"2026-03-23T13:11:10","slug":"shop","status":"publish","type":"page","link":"https:\/\/chiennesophia.com\/en\/shop\/","title":{"rendered":"Shop"},"content":{"rendered":"<div data-elementor-type=\"wp-page\" data-elementor-id=\"643\" class=\"elementor elementor-643\" data-elementor-post-type=\"page\">\n\t\t\t\t<div class=\"elementor-element elementor-element-9d691f1 e-flex e-con-boxed e-con e-parent\" data-id=\"9d691f1\" data-element_type=\"container\">\n\t\t\t\t\t<div class=\"e-con-inner\">\n\t\t\t\t<div class=\"elementor-element elementor-element-348dbab elementor-widget elementor-widget-html\" data-id=\"348dbab\" data-element_type=\"widget\" data-widget_type=\"html.default\">\n\t\t\t\t<div class=\"elementor-widget-container\">\n\t\t\t\t\t<style>\r\n  \/* Barre de boutons r\u00e9seaux \u2013 style n\u00e9on rose *\/\r\n  .sn-social-bar {\r\n    display: flex;\r\n    justify-content: center;\r\n    gap: 12px;\r\n    flex-wrap: wrap;\r\n    margin-top: 16px;\r\n  }\r\n\r\n  .sn-social-link {\r\n    width: 46px;\r\n    height: 46px;\r\n    border-radius: 999px;\r\n    display: flex;\r\n    align-items: center;\r\n    justify-content: center;\r\n    font-family: system-ui, -apple-system, BlinkMacSystemFont, \"Segoe UI\", sans-serif;\r\n    font-size: 0.7rem;\r\n    letter-spacing: 0.08em;\r\n    text-transform: uppercase;\r\n    text-decoration: none;\r\n    color: #fff;\r\n    background: #0b0b12;\r\n    border: 2px solid rgba(255, 47, 146, 0.55);\r\n    box-shadow: 0 0 14px rgba(255, 47, 146, 0.75);\r\n    transition: 0.2s ease;\r\n  }\r\n\r\n  .sn-social-link:hover {\r\n    transform: translateY(-2px) scale(1.07);\r\n    box-shadow: 0 0 26px rgba(255, 47, 146, 1);\r\n  }\r\n\r\n  \/* Couleurs par r\u00e9seau (d\u00e9grad\u00e9s) *\/\r\n  .sn-social-link.mym {\r\n    background: linear-gradient(135deg, #ff2f92, #00c4ff);\r\n  }\r\n  .sn-social-link.of {\r\n    background: linear-gradient(135deg, #00a8ff, #0070ff);\r\n  }\r\n  .sn-social-link.ig {\r\n    background: radial-gradient(circle at 30% 107%,\r\n      #fdf497 0%, #fdf497 5%, #fd5949 45%, #d6249f 60%, #285AEB 90%);\r\n  }\r\n  .sn-social-link.x {\r\n    background: linear-gradient(135deg, #111111, #444444);\r\n  }\r\n  .sn-social-link.tg {\r\n    background: linear-gradient(135deg, #29a9ea, #0179c0);\r\n  }\r\n  .sn-social-link.fb {\r\n    background: linear-gradient(135deg, #1877f2, #0b45a7);\r\n  }\r\n\r\n  @media (max-width: 600px) {\r\n    .sn-social-link {\r\n      width: 42px;\r\n      height: 42px;\r\n      font-size: 0.65rem;\r\n    }\r\n  }\r\n<\/style>\r\n\r\n<div class=\"sn-social-bar\">\r\n  <a class=\"sn-social-link mym\" href=\"http:\/\/mym.fans\/Chiennesophia\" target=\"_blank\" rel=\"noopener\">\r\n    MYM\r\n  <\/a>\r\n\r\n  <a class=\"sn-social-link of\" href=\"http:\/\/onlyfans.com\/chiennesophia\" target=\"_blank\" rel=\"noopener\">\r\n    OF\r\n  <\/a>\r\n\r\n  <a class=\"sn-social-link ig\" href=\"https:\/\/www.instagram.com\/milfsophiax\/\" target=\"_blank\" rel=\"noopener\">\r\n    IG\r\n  <\/a>\r\n\r\n  <a class=\"sn-social-link x\" href=\"https:\/\/x.com\/ChienneSophia\" target=\"_blank\" rel=\"noopener\">\r\n    X\r\n  <\/a>\r\n\r\n  <a class=\"sn-social-link tg\" href=\"https:\/\/t.me\/+x2TJTabNv55iZjFk\" target=\"_blank\" rel=\"noopener\">\r\n    TG\r\n  <\/a>\r\n\r\n  <!-- Quand tu auras ton lien Facebook, remplace # par l\u2019URL -->\r\n<a class=\"sn-social-link fb\" href=\"https:\/\/www.facebook.com\/profile.php?id=61584528985785\" target=\"_blank\" rel=\"noopener\">\r\n    FB\r\n  <\/a>\r\n<\/div>\r\n\t\t\t\t<\/div>\n\t\t\t\t<\/div>\n\t\t\t\t\t<\/div>\n\t\t\t\t<\/div>\n\t\t<div class=\"elementor-element elementor-element-59f8659 e-flex e-con-boxed e-con e-parent\" data-id=\"59f8659\" data-element_type=\"container\">\n\t\t\t\t\t<div class=\"e-con-inner\">\n\t\t\t\t<div class=\"elementor-element elementor-element-5dc6be3 elementor-widget elementor-widget-html\" data-id=\"5dc6be3\" data-element_type=\"widget\" data-widget_type=\"html.default\">\n\t\t\t\t<div class=\"elementor-widget-container\">\n\t\t\t\t\t\r\n<style>\r\n  :root {\r\n    --bg: #050509;\r\n    --card: #0d0d16;\r\n    --accent: #ff2f92;\r\n    --accent-soft: rgba(255, 47, 146, 0.18);\r\n    --text-main: #f5f5f5;\r\n    --text-muted: #a1a1b5;\r\n    --border-subtle: rgba(255,255,255,0.12);\r\n  }\r\n\r\n  .shop-wrapper {\r\n    min-height: 100vh;\r\n    padding: 40px 16px 60px;\r\n    background: radial-gradient(circle at top, #2b1237, #050509 55%);\r\n    font-family: system-ui, -apple-system, BlinkMacSystemFont, \"Segoe UI\", sans-serif;\r\n    color: var(--text-main);\r\n    display: flex;\r\n    justify-content: center;\r\n  }\r\n\r\n  .shop-container {\r\n    width: 100%;\r\n    max-width: 1000px;\r\n    margin: 0 auto;\r\n  }\r\n\r\n  .shop-hero {\r\n    text-align: center;\r\n    margin-bottom: 26px;\r\n  }\r\n\r\n  .shop-tag {\r\n    display: inline-flex;\r\n    align-items: center;\r\n    gap: 6px;\r\n    padding: 4px 10px;\r\n    border-radius: 999px;\r\n    background: var(--accent-soft);\r\n    color: var(--accent);\r\n    font-size: 0.75rem;\r\n    letter-spacing: 0.08em;\r\n    text-transform: uppercase;\r\n    margin-bottom: 8px;\r\n  }\r\n\r\n  .shop-tag-dot {\r\n    width: 7px;\r\n    height: 7px;\r\n    border-radius: 50%;\r\n    background: #36ff95;\r\n  }\r\n\r\n  .shop-hero h1 {\r\n    font-size: 2rem;\r\n    margin: 0 0 8px;\r\n  }\r\n\r\n  .shop-hero p {\r\n    margin: 0;\r\n    font-size: 0.95rem;\r\n    color: var(--text-muted);\r\n  }\r\n\r\n  \/* GRID PRODUITS *\/\r\n  .shop-grid {\r\n    display: grid;\r\n    grid-template-columns: minmax(0, 1fr) minmax(0, 1fr);\r\n    gap: 22px;\r\n    margin-top: 30px;\r\n  }\r\n\r\n  .shop-card {\r\n    background: var(--card);\r\n    border-radius: 22px;\r\n    border: 1px solid var(--border-subtle);\r\n    box-shadow: 0 18px 40px rgba(0,0,0,0.9);\r\n    padding: 16px 16px 18px;\r\n    display: flex;\r\n    flex-direction: column;\r\n    gap: 10px;\r\n  }\r\n\r\n  .shop-media {\r\n    position: relative;\r\n    width: 100%;\r\n    padding-top: 70%;\r\n    border-radius: 18px;\r\n    overflow: hidden;\r\n    background: #000;\r\n  }\r\n\r\n  .shop-media img {\r\n    position: absolute;\r\n    inset: 0;\r\n    width: 100%;\r\n    height: 100%;\r\n    object-fit: cover;\r\n    display: block;\r\n  }\r\n\r\n  .shop-title {\r\n    font-size: 1.15rem;\r\n    color: var(--accent);\r\n    margin-bottom: 4px;\r\n  }\r\n\r\n  .shop-text {\r\n    font-size: 0.92rem;\r\n    line-height: 1.6;\r\n    color: var(--text-main);\r\n  }\r\n\r\n  .shop-text strong {\r\n    color: var(--accent);\r\n  }\r\n\r\n  .shop-price {\r\n    margin-top: 4px;\r\n    font-size: 1rem;\r\n    font-weight: 600;\r\n  }\r\n\r\n  .shop-price span {\r\n    color: var(--accent);\r\n    font-size: 1.1rem;\r\n  }\r\n\r\n  .shop-note {\r\n    font-size: 0.8rem;\r\n    color: var(--text-muted);\r\n    margin-top: 4px;\r\n  }\r\n\r\n  .shop-btn {\r\n    margin-top: 10px;\r\n    display: inline-flex;\r\n    align-items: center;\r\n    justify-content: center;\r\n    gap: 6px;\r\n    padding: 9px 14px;\r\n    border-radius: 999px;\r\n    border: none;\r\n    background: var(--accent);\r\n    color: #fff;\r\n    font-size: 0.9rem;\r\n    font-weight: 600;\r\n    text-decoration: none;\r\n    cursor: pointer;\r\n    box-shadow: 0 0 18px rgba(255,47,146,0.6);\r\n    transition: 0.18s ease;\r\n  }\r\n\r\n  .shop-btn:hover {\r\n    transform: translateY(-1px);\r\n    box-shadow: 0 0 24px rgba(255,47,146,0.8);\r\n  }\r\n\r\n  .shop-btn small {\r\n    font-weight: 400;\r\n    opacity: 0.8;\r\n  }\r\n\r\n  .shop-whatsapp {\r\n    display: inline-flex;\r\n    align-items: center;\r\n    gap: 6px;\r\n    font-size: 0.85rem;\r\n    color: var(--text-muted);\r\n    margin-top: 6px;\r\n  }\r\n\r\n  .shop-whatsapp strong {\r\n    color: #25d366;\r\n  }\r\n\r\n  .shop-section-title {\r\n    margin-top: 34px;\r\n    margin-bottom: 8px;\r\n    font-size: 1.05rem;\r\n    color: var(--accent);\r\n  }\r\n\r\n  .shop-bottom {\r\n    margin-top: 16px;\r\n    font-size: 0.86rem;\r\n    color: var(--text-muted);\r\n    text-align: center;\r\n  }\r\n\r\n  @media (max-width: 768px) {\r\n    .shop-grid {\r\n      grid-template-columns: minmax(0, 1fr);\r\n    }\r\n  }\r\n<\/style>\r\n\r\n<div class=\"shop-wrapper\">\r\n  <div class=\"shop-container\">\r\n\r\n    <!-- HERO -->\r\n    <section class=\"shop-hero\">\r\n      <div class=\"shop-tag\">\r\n        <span class=\"shop-tag-dot\"><\/span>\r\n        Boutique personnelle\r\n      <\/div>\r\n      <h1>Shop de Sophia \u2013 souvenirs intimes<\/h1>\r\n      <p>\r\n        Strings port\u00e9s avec ma vraie odeur, plugs anaux personnalis\u00e9s\u2026  \r\n        Tout est pr\u00e9par\u00e9 par moi, pour toi, sur demande uniquement.\r\n      <\/p>\r\n    <\/section>\r\n\r\n    <!-- PRODUITS -->\r\n    <section class=\"shop-grid\">\r\n\r\n      <!-- PRODUIT 1 : STRINGS PORT\u00c9S -->\r\n      <article class=\"shop-card\">\r\n        <div class=\"shop-media\">\r\n          <!-- Remplace URL_IMAGE_STRING par une photo de tes strings -->\r\n          <img decoding=\"async\" src=\"https:\/\/chiennesophia.com\/wp-content\/uploads\/2025\/12\/85670064007.avif\" alt=\"Strings port\u00e9s de Sophia\">\r\n        <\/div>\r\n        <div class=\"shop-title\">Strings port\u00e9s 24 OU 48 H<\/div>\r\n        <div class=\"shop-text\">\r\n          Chaque string est <strong>port\u00e9 par moi<\/strong> avant l\u2019envoi, pour que tu retrouves\r\n          <strong>ma vraie odeur chienne<\/strong> et un souvenir bien personnel de nos d\u00e9lires.\r\n          Tu peux pr\u00e9ciser ton envie , des options ect   (couleur,pipi, sperme\u2026).\r\n        <\/div>\r\n        <div class=\"shop-price\">\r\n          Prix : <span>50 \u20ac<\/span> \/ pi\u00e8ce\r\n        <\/div>\r\n        <div class=\"shop-note\">\r\n          Envoi discret, sous enveloppe neutre. Quantit\u00e9s limit\u00e9es, je traite les demandes dans l\u2019ordre d\u2019arriv\u00e9e.\r\n        <\/div>\r\n        <a class=\"shop-btn\" href=\"https:\/\/wa.me\/33781763714?text=Bonjour%20Sophia%2C%20je%20veux%20te%20commander%20un%20string%20port%C3%A9%20%40chiennesophia\" target=\"_blank\" rel=\"noopener\">\r\n          \ud83d\udcac Commander un string\r\n          <small>(WhatsApp)<\/small>\r\n        <\/a>\r\n        <div class=\"shop-whatsapp\">\r\n          \ud83d\udcf1 Contact direct : <strong>PASSE TA COMMANDE<\/strong> (WhatsApp)\r\n        <\/div>\r\n      <\/article>\r\n\r\n      <!-- PRODUIT 2 : PLUGS ANALS -->\r\n      <article class=\"shop-card\">\r\n        <div class=\"shop-media\">\r\n          <!-- Remplace URL_IMAGE_PLUG par une photo de tes plugs \/ pack -->\r\n          <img decoding=\"async\" src=\"https:\/\/chiennesophia.com\/wp-content\/uploads\/2025\/12\/1625142340.ET124PNK.webp\" alt=\"Plugs anaux personnalis\u00e9s\">\r\n        <\/div>\r\n        <div class=\"shop-title\">Plugs anaux personnalis\u00e9s<\/div>\r\n        <div class=\"shop-text\">\r\n          Plugs anaux que je porte pour toi, selon ce que tu aimes : dur\u00e9e, contexte, tenue\u2026\r\n          Je prends le temps de <strong>vraiment les utiliser<\/strong>, pour que ce soit un vrai souvenir,\r\n          pas juste un objet en vitrine.\r\n        <\/div>\r\n        <div class=\"shop-price\">\r\n          Prix : <span>50 \u20ac<\/span> \/ pi\u00e8ce\r\n        <\/div>\r\n        <div class=\"shop-note\">\r\n          On discute ensemble des d\u00e9tails par message avant validation : pr\u00e9f\u00e9rences, d\u00e9lais, options possibles.\r\n        <\/div>\r\n        <a class=\"shop-btn\" href=\"https:\/\/wa.me\/33781763714?text=Bonjour%20Sophia%2C%20je%20veux%20te%20commander%20un%20plug%20anal%20personnalis%C3%A9\" target=\"_blank\" rel=\"noopener\">\r\n          \ud83d\udcac Commander un plug\r\n          <small>(WhatsApp)<\/small>\r\n        <\/a>\r\n        <div class=\"shop-whatsapp\">\r\n          \ud83d\udcf1 Contact direct : <strong>PASSE TA COMMANDE<\/strong> (WhatsApp)\r\n        <\/div>\r\n      <\/article>\r\n      \r\n         <!-- PRODUIT 3 : dediboobs -->\r\n      <article class=\"shop-card\">\r\n        <div class=\"shop-media\">\r\n          <!-- Remplace URL_IMAGE_PLUG par une photo de tes plugs \/ pack -->\r\n          <img decoding=\"async\" src=\"https:\/\/chiennesophia.com\/wp-content\/uploads\/2026\/03\/Red-and-Yellow-Modern-AI-Tools-YouTube-Thumbnail-2.jpg\">\r\n        <\/div>\r\n        <div class=\"shop-title\">DEDIBOOBS personnalis\u00e9s<\/div>\r\n        <div class=\"shop-text\">\r\n          J'\u00e9cris sur <strong>mes gros seins<\/strong> OU autres parties de mon corps ton pr\u00e9nom ou ce que tu veux et je t'envoie le m\u00e9dia directement  \r\n        <\/div>\r\n        <div class=\"shop-price\">\r\n          Prix : <span>15 \u20ac<\/span> \/ pi\u00e8ce\r\n        <\/div>\r\n        <div class=\"shop-note\">\r\n          On discute ensemble des d\u00e9tails par message avant validation : pr\u00e9f\u00e9rences, d\u00e9lais, options possibles.\r\n        <\/div>\r\n        <a class=\"shop-btn\" href=\"https:\/\/wa.me\/33781763714?text=Bonjour%20Sophia%2C%20je%20veux%20te%20commander%20un%20plug%20anal%20personnalis%C3%A9\" target=\"_blank\" rel=\"noopener\">\r\n          \ud83d\udcac Commander DEDIBOOBS\r\n          <small>(WhatsApp)<\/small>\r\n        <\/a>\r\n        <div class=\"shop-whatsapp\">\r\n          \ud83d\udcf1 Contact direct : <strong>PASSE TA COMMANDE<\/strong> (WhatsApp)\r\n        <\/div>\r\n      <\/article>\r\n\r\n    <\/section>\r\n\r\n    <!-- INFO BAS -->\r\n    <h2 class=\"shop-section-title\">Comment \u00e7a se passe ?<\/h2>\r\n    <p class=\"shop-bottom\">\r\n      Tu m\u2019envoies un message sur WhatsApp avec ce que tu veux (string, plug, quantit\u00e9, pr\u00e9f\u00e9rences).  \r\n      On discute ensemble des d\u00e9tails, du paiement et de l\u2019envoi.  \r\n      Je pr\u00e9pare tout moi-m\u00eame, proprement, discr\u00e8tement\u2026 et tu re\u00e7ois ton souvenir bien sale chez toi. \ud83d\ude08\r\n    <\/p>\r\n\r\n  <\/div>\r\n<\/div>\r\n\t\t\t\t<\/div>\n\t\t\t\t<\/div>\n\t\t\t\t\t<\/div>\n\t\t\t\t<\/div>\n\t\t\t\t<\/div>","protected":false},"excerpt":{"rendered":"<p>MYM OF IG X TG FB Boutique personnelle Shop de Sophia \u2013 souvenirs intimes Strings port\u00e9s avec ma vraie odeur, [&hellip;]<\/p>","protected":false},"author":1,"featured_media":0,"parent":0,"menu_order":0,"comment_status":"closed","ping_status":"closed","template":"","meta":{"site-sidebar-layout":"no-sidebar","site-content-layout":"","ast-site-content-layout":"full-width-container","site-content-style":"default","site-sidebar-style":"default","ast-global-header-display":"","ast-banner-title-visibility":"","ast-main-header-display":"","ast-hfb-above-header-display":"","ast-hfb-below-header-display":"","ast-hfb-mobile-header-display":"","site-post-title":"disabled","ast-breadcrumbs-content":"","ast-featured-img":"disabled","footer-sml-layout":"","theme-transparent-header-meta":"","adv-header-id-meta":"","stick-header-meta":"","header-above-stick-meta":"","header-main-stick-meta":"","header-below-stick-meta":"","astra-migrate-meta-layouts":"default","ast-page-background-enabled":"default","ast-page-background-meta":{"desktop":{"background-color":"var(--ast-global-color-4)","background-image":"","background-repeat":"repeat","background-position":"center center","background-size":"auto","background-attachment":"scroll","background-type":"","background-media":"","overlay-type":"","overlay-color":"","overlay-opacity":"","overlay-gradient":""},"tablet":{"background-color":"","background-image":"","background-repeat":"repeat","background-position":"center center","background-size":"auto","background-attachment":"scroll","background-type":"","background-media":"","overlay-type":"","overlay-color":"","overlay-opacity":"","overlay-gradient":""},"mobile":{"background-color":"","background-image":"","background-repeat":"repeat","background-position":"center center","background-size":"auto","background-attachment":"scroll","background-type":"","background-media":"","overlay-type":"","overlay-color":"","overlay-opacity":"","overlay-gradient":""}},"ast-content-background-meta":{"desktop":{"background-color":"var(--ast-global-color-5)","background-image":"","background-repeat":"repeat","background-position":"center center","background-size":"auto","background-attachment":"scroll","background-type":"","background-media":"","overlay-type":"","overlay-color":"","overlay-opacity":"","overlay-gradient":""},"tablet":{"background-color":"var(--ast-global-color-5)","background-image":"","background-repeat":"repeat","background-position":"center center","background-size":"auto","background-attachment":"scroll","background-type":"","background-media":"","overlay-type":"","overlay-color":"","overlay-opacity":"","overlay-gradient":""},"mobile":{"background-color":"var(--ast-global-color-5)","background-image":"","background-repeat":"repeat","background-position":"center center","background-size":"auto","background-attachment":"scroll","background-type":"","background-media":"","overlay-type":"","overlay-color":"","overlay-opacity":"","overlay-gradient":""}},"_joinchat":[],"footnotes":""},"class_list":["post-643","page","type-page","status-publish","hentry"],"yoast_head":"<!-- This site is optimized with the Yoast SEO plugin v26.5 - https:\/\/yoast.com\/wordpress\/plugins\/seo\/ -->\n<title>Shop - chiennesophia<\/title>\n<meta name=\"description\" content=\"ma boutique en ligne ou tu ach\u00e8te mes string port\u00e9 odorant avec ma mouille de chienne , mes plug anal , mes toys gode utilis\u00e9 ,sexe et odeur garantie\" \/>\n<meta name=\"robots\" content=\"index, follow, max-snippet:-1, max-image-preview:large, max-video-preview:-1\" \/>\n<link rel=\"canonical\" href=\"https:\/\/chiennesophia.com\/en\/shop\/\" \/>\n<meta property=\"og:locale\" content=\"en_GB\" \/>\n<meta property=\"og:type\" content=\"article\" \/>\n<meta property=\"og:title\" content=\"Shop - chiennesophia\" \/>\n<meta property=\"og:description\" content=\"ma boutique en ligne ou tu ach\u00e8te mes string port\u00e9 odorant avec ma mouille de chienne , mes plug anal , mes toys gode utilis\u00e9 ,sexe et odeur garantie\" \/>\n<meta property=\"og:url\" content=\"https:\/\/chiennesophia.com\/en\/shop\/\" \/>\n<meta property=\"og:site_name\" content=\"chiennesophia\" \/>\n<meta property=\"article:publisher\" content=\"https:\/\/www.facebook.com\/people\/Sophia-Chiennesophia\/61554869834086\/\" \/>\n<meta property=\"article:modified_time\" content=\"2026-03-23T13:11:10+00:00\" \/>\n<meta property=\"og:image\" content=\"https:\/\/chiennesophia.com\/wp-content\/uploads\/2025\/12\/85670064007.avif\" \/>\n<meta name=\"twitter:card\" content=\"summary_large_image\" \/>\n<meta name=\"twitter:site\" content=\"@ChienneSophia\" \/>\n<meta name=\"twitter:label1\" content=\"Estimated reading time\" \/>\n\t<meta name=\"twitter:data1\" content=\"4 minutes\" \/>\n<script type=\"application\/ld+json\" class=\"yoast-schema-graph\">{\"@context\":\"https:\/\/schema.org\",\"@graph\":[{\"@type\":\"WebPage\",\"@id\":\"https:\/\/chiennesophia.com\/shop\/\",\"url\":\"https:\/\/chiennesophia.com\/shop\/\",\"name\":\"Shop - chiennesophia\",\"isPartOf\":{\"@id\":\"https:\/\/chiennesophia.com\/#website\"},\"primaryImageOfPage\":{\"@id\":\"https:\/\/chiennesophia.com\/shop\/#primaryimage\"},\"image\":{\"@id\":\"https:\/\/chiennesophia.com\/shop\/#primaryimage\"},\"thumbnailUrl\":\"https:\/\/chiennesophia.com\/wp-content\/uploads\/2025\/12\/85670064007.avif\",\"datePublished\":\"2025-06-30T13:55:47+00:00\",\"dateModified\":\"2026-03-23T13:11:10+00:00\",\"description\":\"ma boutique en ligne ou tu ach\u00e8te mes string port\u00e9 odorant avec ma mouille de chienne , mes plug anal , mes toys gode utilis\u00e9 ,sexe et odeur garantie\",\"breadcrumb\":{\"@id\":\"https:\/\/chiennesophia.com\/shop\/#breadcrumb\"},\"inLanguage\":\"en-GB\",\"potentialAction\":[{\"@type\":\"ReadAction\",\"target\":[\"https:\/\/chiennesophia.com\/shop\/\"]}]},{\"@type\":\"ImageObject\",\"inLanguage\":\"en-GB\",\"@id\":\"https:\/\/chiennesophia.com\/shop\/#primaryimage\",\"url\":\"https:\/\/chiennesophia.com\/wp-content\/uploads\/2025\/12\/85670064007.avif\",\"contentUrl\":\"https:\/\/chiennesophia.com\/wp-content\/uploads\/2025\/12\/85670064007.avif\"},{\"@type\":\"BreadcrumbList\",\"@id\":\"https:\/\/chiennesophia.com\/shop\/#breadcrumb\",\"itemListElement\":[{\"@type\":\"ListItem\",\"position\":1,\"name\":\"Accueil\",\"item\":\"https:\/\/chiennesophia.com\/\"},{\"@type\":\"ListItem\",\"position\":2,\"name\":\"Shop\"}]},{\"@type\":\"WebSite\",\"@id\":\"https:\/\/chiennesophia.com\/#website\",\"url\":\"https:\/\/chiennesophia.com\/\",\"name\":\"chiennesophia\",\"description\":\"Actrice X et Gangbangeuse\",\"publisher\":{\"@id\":\"https:\/\/chiennesophia.com\/#organization\"},\"potentialAction\":[{\"@type\":\"SearchAction\",\"target\":{\"@type\":\"EntryPoint\",\"urlTemplate\":\"https:\/\/chiennesophia.com\/?s={search_term_string}\"},\"query-input\":{\"@type\":\"PropertyValueSpecification\",\"valueRequired\":true,\"valueName\":\"search_term_string\"}}],\"inLanguage\":\"en-GB\"},{\"@type\":\"Organization\",\"@id\":\"https:\/\/chiennesophia.com\/#organization\",\"name\":\"chiennesophia\",\"url\":\"https:\/\/chiennesophia.com\/\",\"logo\":{\"@type\":\"ImageObject\",\"inLanguage\":\"en-GB\",\"@id\":\"https:\/\/chiennesophia.com\/#\/schema\/logo\/image\/\",\"url\":\"https:\/\/chiennesophia.com\/wp-content\/uploads\/2025\/05\/sophia-10.jpg\",\"contentUrl\":\"https:\/\/chiennesophia.com\/wp-content\/uploads\/2025\/05\/sophia-10.jpg\",\"width\":991,\"height\":896,\"caption\":\"chiennesophia\"},\"image\":{\"@id\":\"https:\/\/chiennesophia.com\/#\/schema\/logo\/image\/\"},\"sameAs\":[\"https:\/\/www.facebook.com\/people\/Sophia-Chiennesophia\/61554869834086\/\",\"https:\/\/x.com\/ChienneSophia\"]}]}<\/script>\n<!-- \/ Yoast SEO plugin. -->","yoast_head_json":{"title":"Shop - chiennesophia","description":"ma boutique en ligne ou tu ach\u00e8te mes string port\u00e9 odorant avec ma mouille de chienne , mes plug anal , mes toys gode utilis\u00e9 ,sexe et odeur garantie","robots":{"index":"index","follow":"follow","max-snippet":"max-snippet:-1","max-image-preview":"max-image-preview:large","max-video-preview":"max-video-preview:-1"},"canonical":"https:\/\/chiennesophia.com\/en\/shop\/","og_locale":"en_GB","og_type":"article","og_title":"Shop - chiennesophia","og_description":"ma boutique en ligne ou tu ach\u00e8te mes string port\u00e9 odorant avec ma mouille de chienne , mes plug anal , mes toys gode utilis\u00e9 ,sexe et odeur garantie","og_url":"https:\/\/chiennesophia.com\/en\/shop\/","og_site_name":"chiennesophia","article_publisher":"https:\/\/www.facebook.com\/people\/Sophia-Chiennesophia\/61554869834086\/","article_modified_time":"2026-03-23T13:11:10+00:00","og_image":[{"url":"https:\/\/chiennesophia.com\/wp-content\/uploads\/2025\/12\/85670064007.avif","type":"","width":"","height":""}],"twitter_card":"summary_large_image","twitter_site":"@ChienneSophia","twitter_misc":{"Estimated reading time":"4 minutes"},"schema":{"@context":"https:\/\/schema.org","@graph":[{"@type":"WebPage","@id":"https:\/\/chiennesophia.com\/shop\/","url":"https:\/\/chiennesophia.com\/shop\/","name":"Shop - chiennesophia","isPartOf":{"@id":"https:\/\/chiennesophia.com\/#website"},"primaryImageOfPage":{"@id":"https:\/\/chiennesophia.com\/shop\/#primaryimage"},"image":{"@id":"https:\/\/chiennesophia.com\/shop\/#primaryimage"},"thumbnailUrl":"https:\/\/chiennesophia.com\/wp-content\/uploads\/2025\/12\/85670064007.avif","datePublished":"2025-06-30T13:55:47+00:00","dateModified":"2026-03-23T13:11:10+00:00","description":"ma boutique en ligne ou tu ach\u00e8te mes string port\u00e9 odorant avec ma mouille de chienne , mes plug anal , mes toys gode utilis\u00e9 ,sexe et odeur garantie","breadcrumb":{"@id":"https:\/\/chiennesophia.com\/shop\/#breadcrumb"},"inLanguage":"en-GB","potentialAction":[{"@type":"ReadAction","target":["https:\/\/chiennesophia.com\/shop\/"]}]},{"@type":"ImageObject","inLanguage":"en-GB","@id":"https:\/\/chiennesophia.com\/shop\/#primaryimage","url":"https:\/\/chiennesophia.com\/wp-content\/uploads\/2025\/12\/85670064007.avif","contentUrl":"https:\/\/chiennesophia.com\/wp-content\/uploads\/2025\/12\/85670064007.avif"},{"@type":"BreadcrumbList","@id":"https:\/\/chiennesophia.com\/shop\/#breadcrumb","itemListElement":[{"@type":"ListItem","position":1,"name":"Accueil","item":"https:\/\/chiennesophia.com\/"},{"@type":"ListItem","position":2,"name":"Shop"}]},{"@type":"WebSite","@id":"https:\/\/chiennesophia.com\/#website","url":"https:\/\/chiennesophia.com\/","name":"chiennesophia","description":"Actrice X et Gangbangeuse","publisher":{"@id":"https:\/\/chiennesophia.com\/#organization"},"potentialAction":[{"@type":"SearchAction","target":{"@type":"EntryPoint","urlTemplate":"https:\/\/chiennesophia.com\/?s={search_term_string}"},"query-input":{"@type":"PropertyValueSpecification","valueRequired":true,"valueName":"search_term_string"}}],"inLanguage":"en-GB"},{"@type":"Organization","@id":"https:\/\/chiennesophia.com\/#organization","name":"chiennesophia","url":"https:\/\/chiennesophia.com\/","logo":{"@type":"ImageObject","inLanguage":"en-GB","@id":"https:\/\/chiennesophia.com\/#\/schema\/logo\/image\/","url":"https:\/\/chiennesophia.com\/wp-content\/uploads\/2025\/05\/sophia-10.jpg","contentUrl":"https:\/\/chiennesophia.com\/wp-content\/uploads\/2025\/05\/sophia-10.jpg","width":991,"height":896,"caption":"chiennesophia"},"image":{"@id":"https:\/\/chiennesophia.com\/#\/schema\/logo\/image\/"},"sameAs":["https:\/\/www.facebook.com\/people\/Sophia-Chiennesophia\/61554869834086\/","https:\/\/x.com\/ChienneSophia"]}]}},"jetpack_sharing_enabled":true,"_links":{"self":[{"href":"https:\/\/chiennesophia.com\/en\/wp-json\/wp\/v2\/pages\/643","targetHints":{"allow":["GET"]}}],"collection":[{"href":"https:\/\/chiennesophia.com\/en\/wp-json\/wp\/v2\/pages"}],"about":[{"href":"https:\/\/chiennesophia.com\/en\/wp-json\/wp\/v2\/types\/page"}],"author":[{"embeddable":true,"href":"https:\/\/chiennesophia.com\/en\/wp-json\/wp\/v2\/users\/1"}],"replies":[{"embeddable":true,"href":"https:\/\/chiennesophia.com\/en\/wp-json\/wp\/v2\/comments?post=643"}],"version-history":[{"count":83,"href":"https:\/\/chiennesophia.com\/en\/wp-json\/wp\/v2\/pages\/643\/revisions"}],"predecessor-version":[{"id":2080,"href":"https:\/\/chiennesophia.com\/en\/wp-json\/wp\/v2\/pages\/643\/revisions\/2080"}],"wp:attachment":[{"href":"https:\/\/chiennesophia.com\/en\/wp-json\/wp\/v2\/media?parent=643"}],"curies":[{"name":"wp","href":"https:\/\/api.w.org\/{rel}","templated":true}]}}